{"id":243,"date":"2024-12-11T14:30:54","date_gmt":"2024-12-11T14:30:54","guid":{"rendered":"https:\/\/zsd.gov.mk\/?page_id=243"},"modified":"2024-12-31T07:58:12","modified_gmt":"2024-12-31T07:58:12","slug":"%d0%b8%d0%b7%d0%b4%d0%b0%d0%b2%d0%b0%d1%9a%d0%b5-%d0%bd%d0%b0-%d0%bf%d0%be%d1%81%d0%b5%d0%b1%d0%bd%d0%b0-%d0%bb%d0%b8%d1%86%d0%b5%d0%bd%d1%86%d0%b0-%d0%b7%d0%b0-%d0%b2%d0%be%d0%b4%d0%b8%d1%82%d0%b5","status":"publish","type":"page","link":"https:\/\/zsd.gov.mk\/sq\/%d0%b8%d0%b7%d0%b4%d0%b0%d0%b2%d0%b0%d1%9a%d0%b5-%d0%bd%d0%b0-%d0%bf%d0%be%d1%81%d0%b5%d0%b1%d0%bd%d0%b0-%d0%bb%d0%b8%d1%86%d0%b5%d0%bd%d1%86%d0%b0-%d0%b7%d0%b0-%d0%b2%d0%be%d0%b4%d0%b8%d1%82%d0%b5\/","title":{"rendered":"L\u00ebshimi i licenc\u00ebs speciale p\u00ebr menaxher rasti"},"content":{"rendered":"<p>[et_pb_section fb_built=&#8221;1&#8243; fullwidth=&#8221;on&#8221; admin_label=&#8221;Header&#8221; _builder_version=&#8221;4.27.0&#8243; background_color=&#8221;#E09900&#8243; background_enable_image=&#8221;off&#8221; parallax=&#8221;on&#8221; custom_margin=&#8221;|||&#8221; custom_padding=&#8221;|||&#8221; global_colors_info=&#8221;{}&#8221;][et_pb_fullwidth_header button_one_url=&#8221;#&#8221; button_two_url=&#8221;#&#8221; scroll_down_icon_size_tablet=&#8221;&#8221; scroll_down_icon_size_phone=&#8221;&#8221; scroll_down_icon_size_last_edited=&#8221;on|phone&#8221; _builder_version=&#8221;4.27.0&#8243; title_font=&#8221;Ubuntu|700|||||||&#8221; title_font_size=&#8221;70px&#8221; title_line_height=&#8221;1.2em&#8221; content_font=&#8221;|600|||||||&#8221; content_font_size=&#8221;20px&#8221; content_line_height=&#8221;2em&#8221; background_color=&#8221;rgba(255,255,255,0)&#8221; use_background_color_gradient=&#8221;on&#8221; background_color_gradient_type=&#8221;circular&#8221; background_color_gradient_direction_radial=&#8221;right&#8221; background_color_gradient_stops=&#8221;rgba(255,255,255,0) 0%|#ffffff 70%&#8221; background_color_gradient_start=&#8221;rgba(255,255,255,0)&#8221; background_color_gradient_end=&#8221;#ffffff&#8221; background_color_gradient_end_position=&#8221;70%&#8221; background_image=&#8221;https:\/\/zsd.gov.mk\/wp-content\/uploads\/2024\/12\/cleaning-services-01.png&#8221; custom_button_one=&#8221;on&#8221; button_one_text_size=&#8221;18px&#8221; button_one_text_color=&#8221;#ffffff&#8221; button_one_bg_color=&#8221;#f2835a&#8221; button_one_bg_color_gradient_direction=&#8221;90deg&#8221; button_one_bg_color_gradient_stops=&#8221;#f2835a 0%|#fab993 100%&#8221; button_one_bg_color_gradient_overlays_image=&#8221;on&#8221; button_one_bg_color_gradient_start=&#8221;#f2835a&#8221; button_one_bg_color_gradient_end=&#8221;#fab993&#8243; button_one_border_width=&#8221;10px&#8221; button_one_border_color=&#8221;#f2835a&#8221; button_one_border_radius=&#8221;0px&#8221; button_one_font=&#8221;Ubuntu|700|||||||&#8221; custom_button_two=&#8221;on&#8221; button_two_text_size=&#8221;18px&#8221; button_two_text_color=&#8221;#ffffff&#8221; button_two_bg_color=&#8221;#557df3&#8243; button_two_border_width=&#8221;10px&#8221; button_two_border_color=&#8221;#557df3&#8243; button_two_border_radius=&#8221;0px&#8221; button_two_font=&#8221;Ubuntu|700|||||||&#8221; background_layout=&#8221;light&#8221; custom_padding=&#8221;6vw||6vw||true&#8221; custom_padding_tablet=&#8221;||||false&#8221; custom_padding_phone=&#8221;3vw||3vw||true&#8221; custom_padding_last_edited=&#8221;on|phone&#8221; animation_style=&#8221;fade&#8221; title_font_size_tablet=&#8221;35px&#8221; title_font_size_phone=&#8221;25px&#8221; title_font_size_last_edited=&#8221;on|phone&#8221; content_font_size_tablet=&#8221;16px&#8221; content_font_size_phone=&#8221;14px&#8221; content_font_size_last_edited=&#8221;on|phone&#8221; button_one_text_size_tablet=&#8221;&#8221; button_one_text_size_phone=&#8221;&#8221; button_one_text_size_last_edited=&#8221;on|desktop&#8221; button_one_border_radius_hover=&#8221;0px&#8221; button_two_border_radius_hover=&#8221;0px&#8221; global_colors_info=&#8221;{}&#8221; button_one_text_size__hover_enabled=&#8221;off&#8221; button_two_text_size__hover_enabled=&#8221;off&#8221; button_one_text_color__hover_enabled=&#8221;off&#8221; button_two_text_color__hover_enabled=&#8221;off&#8221; button_one_border_width__hover_enabled=&#8221;off&#8221; button_two_border_width__hover_enabled=&#8221;off&#8221; button_one_border_color__hover_enabled=&#8221;off&#8221; button_two_border_color__hover_enabled=&#8221;off&#8221; button_one_border_radius__hover_enabled=&#8221;on&#8221; button_one_border_radius__hover=&#8221;0px&#8221; button_two_border_radius__hover_enabled=&#8221;on&#8221; button_two_border_radius__hover=&#8221;0px&#8221; button_one_letter_spacing__hover_enabled=&#8221;off&#8221; button_two_letter_spacing__hover_enabled=&#8221;off&#8221; button_one_bg_color__hover_enabled=&#8221;off&#8221; button_two_bg_color__hover_enabled=&#8221;off&#8221;]<\/p>\n<p>L\u00ebshimi i licenc\u00ebs speciale p\u00ebr menaxher rasti<\/p>\n<p>&nbsp;<\/p>\n<p>[\/et_pb_fullwidth_header][\/et_pb_section][et_pb_section fb_built=&#8221;1&#8243; admin_label=&#8221;About Us&#8221; _builder_version=&#8221;4.16&#8243; custom_padding=&#8221;54px|0px|0|0px|false|false&#8221; global_colors_info=&#8221;{}&#8221;][et_pb_row _builder_version=&#8221;4.27.0&#8243; global_colors_info=&#8221;{}&#8221;][et_pb_column type=&#8221;4_4&#8243; _builder_version=&#8221;4.16&#8243; custom_padding=&#8221;|||&#8221; global_colors_info=&#8221;{}&#8221; custom_padding__hover=&#8221;|||&#8221;][et_pb_text _builder_version=&#8221;4.27.0&#8243; text_font=&#8221;||||||||&#8221; text_font_size=&#8221;15px&#8221; text_line_height=&#8221;2em&#8221; ul_font=&#8221;|700|||||||&#8221; ul_line_height=&#8221;2em&#8221; ol_font=&#8221;||||||||&#8221; header_font=&#8221;||||||||&#8221; header_2_font=&#8221;Ubuntu|700|||||||&#8221; header_2_font_size=&#8221;40px&#8221; header_2_line_height=&#8221;1.4em&#8221; header_3_font=&#8221;||||||||&#8221; header_4_font=&#8221;||||||||&#8221; header_5_font=&#8221;||||||||&#8221; header_6_font=&#8221;||||||||&#8221; header_2_font_size_tablet=&#8221;&#8221; header_2_font_size_phone=&#8221;24px&#8221; header_2_font_size_last_edited=&#8221;on|phone&#8221; global_colors_info=&#8221;{}&#8221;]<\/p>\n<p>\u041f\u043e\u0441\u0435\u0431\u043d\u0430 \u043b\u0438\u0446\u0435\u043d\u0446\u0430 \u0437\u0430 \u0432\u043e\u0434\u0438\u0442\u0435\u043b \u043d\u0430 \u0441\u043b\u0443\u0447\u0430\u0458 \u0441\u0435 \u0438\u0437\u0434\u0430\u0432\u0430 \u043d\u0430 \u0441\u0442\u0440\u0443\u0447\u043d\u0438 \u0440\u0430\u0431\u043e\u0442\u043d\u0438\u0446\u0438 \u0432\u0440\u0430\u0431\u043e\u0442\u0435\u043d\u0438 \u0432\u043e \u0446\u0435\u043d\u0442\u0430\u0440 \u0437\u0430 \u0441\u043e\u0446\u0438\u0458\u0430\u043b\u043d\u0430 \u0440\u0430\u0431\u043e\u0442\u0430. \u0417\u0430 \u043f\u043e\u0441\u0435\u0431\u043d\u0430 \u043b\u0438\u0446\u0435\u043d\u0446\u0430 \u0437\u0430 \u0432\u043e\u0434\u0438\u0442\u0435\u043b \u043d\u0430 \u0441\u043b\u0443\u0447\u0430\u0458 \u043c\u043e\u0436\u0435 \u0434\u0430 \u0430\u043f\u043b\u0438\u0446\u0438\u0440\u0430\u0430\u0442 \u0432\u0440\u0430\u0431\u043e\u0442\u0435\u043d\u0438\u0442\u0435 \u0432\u043e \u0446\u0435\u043d\u0442\u0430\u0440 \u0437\u0430 \u0441\u043e\u0446\u0438\u0458\u0430\u043b\u043d\u0430 \u0440\u0430\u0431\u043e\u0442\u0430 \u043a\u043e\u0438 \u0441\u0435 \u0440\u0430\u0441\u043f\u043e\u0440\u0435\u0434\u0435\u043d\u0438 \u043d\u0430 \u0440\u0430\u0431\u043e\u0442\u043d\u043e \u043c\u0435\u0441\u0442\u043e \u0432\u043e\u0434\u0438\u0442\u0435\u043b \u043d\u0430 \u0441\u043b\u0443\u0447\u0430\u0458.<\/p>\n<p>\u0410\u043f\u043b\u0438\u0446\u0438\u0440\u0430\u045a\u0435\u0442\u043e \u0437\u0430 \u0441\u0442\u0435\u043a\u043d\u0443\u0432\u0430\u045a\u0435 \u0441\u043e \u043f\u043e\u0441\u0435\u0431\u043d\u0430 \u043b\u0438\u0446\u0435\u043d\u0446\u0430 \u0437\u0430 \u0432\u043e\u0434\u0438\u0442\u0435\u043b \u043d\u0430 \u0441\u043b\u0443\u0447\u0430\u0458 \u0441\u0435 \u0432\u0440\u0448\u0438 \u0432\u043e \u0442\u043e\u0447\u043d\u043e \u043e\u043f\u0440\u0435\u0434\u0435\u043b\u0435\u043d\u0438 \u0441\u0435\u0441\u0438\u0438 \u043a\u043e\u0438 \u0441\u0435 \u043e\u0431\u0458\u0430\u0432\u0443\u0432\u0430\u0430\u0442 \u0432\u043e \u0434\u0435\u043b\u043e\u0442 <strong>\u041d\u043e\u0432\u043e\u0441\u0442\u0438\/\u0421\u043e\u043e\u043f\u0448\u0442\u0435\u043d\u0438\u0458\u0430<\/strong><strong>.<\/strong><\/p>\n<p>\u041a\u0430\u043d\u0434\u0438\u0434\u0430\u0442\u0438\u0442\u0435 \u043a\u043e\u0438 \u0430\u043f\u043b\u0438\u0446\u0438\u0440\u0430\u0430\u0442 \u043f\u043e\u0442\u0440\u0435\u0431\u043d\u043e \u0435 \u0434\u0430 \u043f\u043e\u0434\u043d\u0435\u0441\u0430\u0442 \u0431\u0430\u0440\u0430\u045a\u0435 \u0437\u0430 \u043f\u043e\u043b\u0430\u0433\u0430\u045a\u0435 \u043d\u0430 \u043f\u043e\u0441\u0435\u0431\u0435\u043d \u0438\u0441\u043f\u0438\u0442 \u0437\u0430 \u0441\u0442\u0435\u043a\u043d\u0443\u0432\u0430\u045a\u0435 \u0441\u043e \u043f\u043e\u0441\u0435\u0431\u043d\u0430 \u043b\u0438\u0446\u0435\u043d\u0446\u0430 \u0437\u0430 \u0432\u043e\u0434\u0438\u0442\u0435\u043b \u043d\u0430 \u0441\u043b\u0443\u0447\u0430\u0458, \u0437\u0430\u0435\u0434\u043d\u043e \u0441\u043e \u0434\u0440\u0443\u0433\u0438\u0442\u0435 \u043f\u043e\u0442\u0440\u0435\u0431\u043d\u0438 \u0434\u043e\u043a\u0443\u043c\u0435\u043d\u0442\u0438 \u0432\u043e \u0440\u043e\u043a\u043e\u0442 \u043a\u043e\u0458 \u045c\u0435 \u0431\u0438\u0434\u0435 \u043d\u0430\u0432\u0435\u0434\u0435\u043d \u0432\u043e \u0441\u0435\u0441\u0438\u0458\u0430\u0442\u0430 \u0438 \u0438\u0441\u0442\u0438\u0442\u0435 \u0434\u0430 \u0433\u0438 \u0434\u043e\u0441\u0442\u0430\u0432\u0430\u0442 \u043d\u0430 \u0430\u0434\u0440\u0435\u0441\u0430\u0442\u0430 \u043d\u0430 \u0408\u0423 \u0417\u0430\u0432\u043e\u0434 \u0437\u0430 \u0441\u043e\u0446\u0438\u0458\u0430\u043b\u043d\u0438 \u0434\u0435\u0458\u043d\u043e\u0441\u0442\u0438 \u2013 \u0421\u043a\u043e\u043f\u0458\u0435, \u0443\u043b. 11 \u041e\u043a\u0442\u043e\u043c\u0432\u0440\u0438 42 \u2013 \u0430, \u0441\u043e \u043d\u0430\u0437\u043d\u0430\u043a\u0430 \u0437\u0430 \u041a\u043e\u043c\u0438\u0441\u0438\u0458\u0430 \u0437\u0430 \u043b\u0438\u0446\u0435\u043d\u0446\u0438\u0440\u0430\u045a\u0435 (\u0437\u0430 \u043f\u043e\u0441\u0435\u0431\u043d\u0430 \u043b\u0438\u0446\u0435\u043d\u0446\u0430), \u043f\u043e \u043f\u043e\u0448\u0442\u0430 \u0438\u043b\u0438 \u043b\u0438\u0447\u043d\u043e \u0432\u043e \u0430\u0440\u0445\u0438\u0432\u0430.<\/p>\n<p>&nbsp;<\/p>\n<p><strong>\u041f\u043e\u0442\u0440\u0435\u0431\u043d\u0438 \u0434\u043e\u043a\u0443\u043c\u0435\u043d\u0442\u0438 \u0437\u0430 \u0430\u043f\u043b\u0438\u0446\u0438\u0440\u0430\u045a\u0435:<\/strong><\/p>\n<p>&nbsp;<\/p>\n<p>\u0421\u043e\u0433\u043b\u0430\u0441\u043d\u043e \u041f\u0440\u0430\u0432\u0438\u043b\u043d\u0438\u043a\u043e\u0442\u00a0 \u0437\u0430 \u043d\u0430\u0447\u0438\u043d\u043e\u0442 \u0437\u0430 \u0438\u0437\u0434\u0430\u0432\u0430\u045a\u0435, \u043f\u0440\u043e\u0434\u043e\u043b\u0436\u0443\u0432\u0430\u045a\u0435, \u043e\u0431\u043d\u043e\u0432\u0443\u0432\u0430\u045a\u0435 \u0438 \u043e\u0434\u0437\u0435\u043c\u0430\u045a\u0435 \u043d\u0430 \u043b\u0438\u0446\u0435\u043d\u0446\u0430\u0442\u0430 \u0437\u0430 \u0440\u0430\u0431\u043e\u0442\u0430 \u043d\u0430 \u0441\u0442\u0440\u0443\u0447\u043d\u0438\u0442\u0435 \u0440\u0430\u0431\u043e\u0442\u043d\u0438\u0446\u0438, \u0444\u043e\u0440\u043c\u0430\u0442\u0430 \u0438 \u0441\u043e\u0434\u0440\u0436\u0438\u043d\u0430\u0442\u0430 \u043d\u0430 \u043e\u0431\u0440\u0430\u0437\u0435\u0446\u043e\u0442 \u043d\u0430 \u043b\u0438\u0446\u0435\u043d\u0446\u0430\u0442\u0430 \u0437\u0430 \u0440\u0430\u0431\u043e\u0442\u0430 (\u0421\u043b. \u0432\u0435\u0441\u043d\u0438\u043a \u043d\u0430 \u0420\u0421\u041c, \u0431\u0440.79\/2020) \u0438 \u041f\u0440\u043e\u0433\u0440\u0430\u043c\u0430\u0442\u0430 \u0437\u0430 \u043f\u043e\u043b\u0430\u0433\u0430\u045a\u0435 \u043d\u0430 \u0438\u0441\u043f\u0438\u0442 \u043d\u0430 \u0408\u0423 \u0417\u0430\u0432\u043e\u0434 \u0437\u0430 \u0441\u043e\u0446\u0438\u0458\u0430\u043b\u043d\u0438 \u0434\u0435\u0458\u043d\u043e\u0441\u0442\u0438 \u2013 \u0421\u043a\u043e\u043f\u0458\u0435, \u043a\u0430\u043d\u0434\u0438\u0434\u0430\u0442\u0438\u0442\u0435 \u0442\u0440\u0435\u0431\u0430 \u0434\u0430 \u0433\u0438 \u043f\u043e\u0434\u043d\u0435\u0441\u0430\u0442 \u0441\u043b\u0435\u0434\u043d\u0438\u0442\u0435 \u0434\u043e\u043a\u0443\u043c\u0435\u043d\u0442\u0438:<\/p>\n<p>&nbsp;<\/p>\n<ol>\n<li><a href=\"https:\/\/www.mtsp.gov.mk\/content\/Baranje%20za%20polaganje%20na%20strucen%20ispit.docx\"><\/a><a href=\"https:\/\/zsd.gov.mk\/wp-content\/uploads\/2024\/12\/Baranje-za-polaganje-na-strucen-ispit.docx\">\u0411\u0430\u0440\u0430\u045a\u0435 \u0437\u0430 \u043f\u043e\u043b\u0430\u0433\u0430\u045a\u0435 \u043d\u0430 \u0441\u0442\u0440\u0443\u0447\u0435\u043d \u0438\u0441\u043f\u0438\u0442 \u0437\u0430 \u0441\u0442\u0435\u043a\u043d\u0443\u0432\u0430\u045a\u0435 \u0441\u043e \u043b\u0438\u0446\u0435\u043d\u0446\u0430 \u0437\u0430 \u0440\u0430\u0431\u043e\u0442\u0430 (\u043e\u0431\u0440\u0430\u0437\u0435\u0446)<span>;<\/span><\/a><a href=\"https:\/\/www.mtsp.gov.mk\/content\/Baranje%20za%20polaganje%20na%20strucen%20ispit.docx\"><\/a><\/li>\n<li>\u0414\u043e\u043a\u0430\u0437 \u0434\u0435\u043a\u0430 \u0441\u043e \u043f\u0440\u0430\u0432\u043e\u0441\u0438\u043b\u043d\u0430 \u043e\u0434\u043b\u0443\u043a\u0430 \u043d\u0435 \u043c\u0443 \u0435 \u0438\u0437\u0440\u0435\u0447\u0435\u043d\u0430 \u0437\u0430\u0431\u0440\u0430\u043d\u0430 \u0437\u0430 \u0432\u0440\u0448\u0435\u045a\u0435 \u043d\u0430 \u043f\u0440\u043e\u0444\u0435\u0441\u0438\u0458\u0430, \u0434\u0435\u0458\u043d\u043e\u0441\u0442 \u0438\u043b\u0438 \u0434\u043e\u043b\u0436\u043d\u043e\u0441\u0442 \u0441\u0435 \u0434\u043e\u0434\u0435\u043a\u0430 \u0442\u0440\u0430\u0430\u0442 \u043f\u043e\u0441\u043b\u0435\u0434\u0438\u0446\u0438\u0442\u0435 \u043e\u0434 \u0437\u0430\u0431\u0440\u0430\u043d\u0430\u0442\u0430 <strong>(\u043d\u0435 \u043f\u043e\u0441\u0442\u0430\u0440\u043e \u043e\u0434 6 \u043c\u0435\u0441\u0435\u0446\u0438)<\/strong><strong>;<\/strong><\/li>\n<li>\u041f\u043e\u0442\u0432\u0440\u0434\u0430 \u0437\u0430 \u043f\u043e\u043c\u0438\u043d\u0430\u0442\u0430 \u043f\u043e\u0447\u0435\u0442\u043d\u0430 \u0435\u0434\u0443\u043a\u0430\u0446\u0438\u0458\u0430 \u0441\u043f\u0440\u043e\u0432\u0435\u0434\u0435\u043d\u0430 \u0441\u043e\u0433\u043b\u0430\u0441\u043d\u043e \u041f\u0440\u043e\u0433\u0440\u0430\u043c\u0430\u0442\u0430 \u0437\u0430 \u043a\u043e\u043d\u0442\u0438\u043d\u0443\u0438\u0440\u0430\u043d\u0430 \u043f\u0440\u043e\u0444\u0435\u0441\u0438\u043e\u043d\u0430\u043b\u043d\u0430 \u0435\u0434\u0443\u043a\u0430\u0446\u0438\u0458\u0430 \u043d\u0430 \u0441\u0442\u0440\u0443\u0447\u043d\u0438\u0442\u0435 \u0440\u0430\u0431\u043e\u0442\u043d\u0438\u0446\u0438 \u0432\u043e \u0443\u0441\u0442\u0430\u043d\u043e\u0432\u0438\u0442\u0435 \u0437\u0430 \u0441\u043e\u0446\u0438\u0458\u0430\u043b\u043d\u0430 \u0437\u0430\u0448\u0442\u0438\u0442\u0430 \u0438 \u043a\u0430\u0458 \u0434\u0440\u0443\u0433\u0438 \u0434\u0430\u0432\u0430\u0442\u0435\u043b\u0438 \u043d\u0430 \u0441\u043e\u0446\u0438\u0458\u0430\u043b\u043d\u0438 \u0443\u0441\u043b\u0443\u0433\u0438 <strong>(\u043f\u043e\u0442\u0432\u0440\u0434\u0438\u0442\u0435 \u045c\u0435 \u0431\u0438\u0434\u0430\u0442 \u0438\u0437\u0433\u043e\u0442\u0432\u0435\u043d\u0438 \u0438 \u0441\u0442\u0430\u0432\u0435\u043d\u0438 \u0432\u043e \u043f\u0440\u0438\u043b\u043e\u0433 \u043d\u0430 \u0434\u043e\u0441\u0438\u0435\u0442\u043e \u043e\u0434 \u0441\u0442\u0440\u0430\u043d\u0430 \u043d\u0430 \u0408\u0423 \u0417\u0430\u0432\u043e\u0434 \u0437\u0430 \u0441\u043e\u0446\u0438\u0458\u0430\u043b\u043d\u0438 \u0434\u0435\u0458\u043d\u043e\u0441\u0442\u0438, \u0437\u0430 \u0441\u0438\u0442\u0435 \u0441\u0442\u0440\u0443\u0447\u043d\u0438 \u0440\u0430\u0431\u043e\u0442\u043d\u0438\u0446\u0438 \u043a\u043e\u0438 \u0458\u0430 \u0438\u043c\u0430\u0430\u0442 \u043f\u043e\u043c\u0438\u043d\u0430\u0442\u043e \u043f\u043e\u0447\u0435\u0442\u043d\u0430\u0442\u0430 \u0435\u0434\u0443\u043a\u0430\u0446\u0438\u0458\u0430 \u0441\u043e \u0441\u0438\u0442\u0435 \u0437\u0430\u0434\u043e\u043b\u0436\u0438\u0442\u0435\u043b\u043d\u0438 \u0441\u043e\u0434\u0440\u0436\u0438\u043d\u0438 \u043f\u0440\u0435\u0434\u0432\u0438\u0434\u0435\u043d\u0438 \u0432\u043e \u043f\u0440\u043e\u0433\u0440\u0430\u043c\u0430\u0442\u0430<\/strong><strong>)<\/strong><strong>;<\/strong><\/li>\n<li>\u0420\u0435\u0448\u0435\u043d\u0438\u0435 \u0437\u0430 \u0440\u0430\u0441\u043f\u043e\u0440\u0435\u0434\u0443\u0432\u0430\u045a\u0435 \u043d\u0430 \u0440\u0430\u0431\u043e\u0442\u043d\u043e \u043c\u0435\u0441\u0442\u043e \u043d\u0430 \u0434\u0430\u0432\u0430\u0442\u0435\u043b \u043d\u0430 \u0458\u0430\u0432\u043d\u0430 \u0443\u0441\u043b\u0443\u0433\u0430 \u00a0(\u0432\u043e\u0434\u0438\u0442\u0435\u043b \u043d\u0430 \u0441\u043b\u0443\u0447\u0430\u0458);<\/li>\n<li>\u0414\u043e\u043a\u0430\u0437 \u0437\u0430 \u043f\u043e\u0441\u0442\u043e\u0435\u0447\u043a\u0430 \u043e\u043f\u0448\u0442\u0430 \u043b\u0438\u0446\u0435\u043d\u0446\u0430 \u0437\u0430 \u0440\u0430\u0431\u043e\u0442\u0430 <strong>(\u043a\u043e\u043f\u0438\u0458\u0430 \u043e\u0434 \u0440\u0435\u0448\u0435\u043d\u0438\u0435 \u0438\u043b\u0438 \u043b\u0438\u0446\u0435\u043d\u0446\u0430)<\/strong><strong>;<\/strong><\/li>\n<li><a href=\"https:\/\/www.mtsp.gov.mk\/content\/Uplatnica.pdf\"><\/a><a href=\"https:\/\/zsd.gov.mk\/wp-content\/uploads\/2024\/12\/Uplatnica.pdf\" target=\"_blank\" data-saferedirecturl=\"https:\/\/www.google.com\/url?q=https:\/\/www.mtsp.gov.mk\/content\/Uplatnica.pdf&amp;source=gmail&amp;ust=1630412208841000&amp;usg=AFQjCNEyhledaCcDDHlMIuwmUoFQFYBZ2A\" rel=\"noopener\">\u0414\u043e\u043a\u0430\u0437 \u0437\u0430 \u043f\u043b\u0430\u0442\u0435\u043d \u043d\u0430\u0434\u043e\u043c\u0435\u0441\u0442\u043e\u043a \u0437\u0430 \u0442\u0440\u043e\u0448\u043e\u0446\u0438\u0442\u0435 \u0437\u0430 \u0438\u0437\u0434\u0430\u0432\u0430\u045a\u0435 \u043d\u0430 \u043b\u0438\u0446\u0435\u043d\u0446\u0430 \u0437\u0430 \u0440\u0430\u0431\u043e\u0442\u0430 (\u0443\u043f\u043b\u0430\u0442\u043d\u0438\u0446\u0430);<\/a><a href=\"https:\/\/www.mtsp.gov.mk\/content\/Uplatnica.pdf\"><\/a><\/li>\n<\/ol>\n<ol start=\"7\">\n<li><a href=\"https:\/\/zsd.gov.mk\/wp-content\/uploads\/2024\/12\/\u043e\u0431\u0440\u0430\u0437\u0435\u0446-\u0437\u0430-\u043f\u0440\u0438\u043a\u0430\u0437-\u043d\u0430-\u0441\u0442\u0443\u0434\u0438\u0458\u0430-\u043d\u0430-\u0441\u043b\u0443\u0447\u0430\u0458.docx\" target=\"_blank\" rel=\"noopener\"><span>\u041f\u0440\u0438\u043a\u0430\u0437 \u043d\u0430 \u0441\u0442\u0443\u0434\u0438\u0458\u0430 \u043d\u0430 \u0441\u043b\u0443\u0447\u0430\u0458 (\u043e\u0431\u0440\u0430\u0437\u0435\u0446)<strong> (<\/strong>\u0435\u043b\u0435\u043a\u0442\u043e\u043d\u0441\u043a\u0438 \u0438\u0437\u0433\u043e\u0442\u0432\u0435\u043d\u0430 \u0432\u043e \u0447\u0435\u0442\u0438\u0440\u0438\u043f\u0440\u0438\u043c\u0435\u0440\u043e\u0446\u0438 \u0438 \u0434\u0430 \u0441\u0435 \u043e\u0434\u043d\u0435\u0441\u0443\u0432\u0430 \u043d\u0430 \u0443\u0441\u043b\u0443\u0433\u0430\u0442\u0430 \u043d\u0430 \u043a\u043e\u0458\u0430 \u043a\u0430\u043d\u0434\u0438\u0434\u0430\u0442\u0438\u0442\u0435 \u0440\u0430\u0431\u043e\u0442\u0430\u0442 \u0432\u043e \u043c\u043e\u043c\u0435\u043d\u0442\u043e\u0442)<\/span>.<\/a><\/li>\n<\/ol>\n<p>&nbsp;<\/p>\n<p>&nbsp;<\/p>\n<p><strong>\u041f\u041e\u0422\u0420\u0415\u0411\u041d\u0418\u0422\u0415 \u0414\u041e\u041a\u0423\u041c\u0415\u041d\u0422\u0418 \u0421\u0415 \u0414\u041e\u0421\u0422\u0410\u0412\u0423\u0412\u0410\u0410\u0422 \u0412\u041e \u041e\u0420\u0418\u0413\u0418\u041d\u0410\u041b \u0418\u041b\u0418 \u041a\u041e\u041f\u0418\u0408\u0410 \u0417\u0410\u0412\u0415\u0420\u0415\u041d\u0410 \u041d\u0410 \u041d\u041e\u0422\u0410\u0420<\/strong><strong>.<\/strong><\/p>\n<p><strong>\u041a\u0430\u043d\u0434\u0438\u0434\u0430\u0442\u0438\u0442\u0435 \u043a\u043e\u0438 \u0438\u043c\u0430\u0430\u0442 \u043f\u0440\u043e\u043c\u0435\u043d\u0430 \u043d\u0430 \u0438\u0434\u0435\u043d\u0442\u0438\u0442\u0435\u0442 (\u043b\u0438\u0447\u043d\u043e \u0438\u043c\u0435 \u0438 \u043f\u0440\u0435\u0437\u0438\u043c\u0435) \u043f\u043e\u0442\u0440\u0435\u0431\u043d\u043e \u0435 \u0434\u0430 \u0434\u043e\u0441\u0442\u0430\u0432\u0430\u0442 \u0434\u043e\u043a\u0430\u0437 \u0437\u0430 \u043b\u0438\u0447\u043d\u0438\u043e\u0442 \u0438\u0434\u0435\u043d\u0442\u0438\u0442\u0435\u0442 (\u0438\u0437\u0432\u043e\u0434 \u043e\u0434 \u043c\u0430\u0442\u0438\u0447\u043d\u0430 \u043a\u043d\u0438\u0433\u0430 \u043d\u0430 \u0440\u043e\u0434\u0435\u043d\u0438, \u0438\u0437\u0432\u043e\u0434 \u043e\u0434 \u043c\u0430\u0442\u0438\u0447\u043d\u0430 \u043a\u043d\u0438\u0433\u0430 \u043d\u0430 \u0432\u0435\u043d\u0447\u0430\u043d\u0438 \u0438\u043b\u0438 \u0440\u0435\u0448\u0435\u043d\u0438\u0435 \u0437\u0430 \u043f\u0440\u043e\u043c\u0435\u043d\u0430 \u043d\u0430 \u043b\u0438\u0447\u043d\u043e \u0438\u043c\u0435 \u0438 \u043f\u0440\u0435\u0437\u0438\u043c\u0435).<\/strong><\/p>\n<p>&nbsp;<\/p>\n<p><strong>K\u043e\u043d\u0442\u0430\u043a\u0442:\u00a0<\/strong><\/p>\n<p>\u0421\u043b\u0443\u0436\u0431\u0430 \u0437\u0430\u00a0\u043f\u0440\u0430\u0432\u043d\u0438, \u0444\u0438\u043d\u0430\u043d\u0441\u0438\u0441\u043a\u0438 \u0438 \u0430\u0434\u043c\u0438\u043d\u0438\u0441\u0442\u0440\u0430\u0442\u0438\u0432\u043d\u0438 \u0440\u0430\u0431\u043e\u0442\u0438, \u0447\u043e\u0432\u0435\u0447\u043a\u0438 \u0440\u0435\u0441\u0443\u0440\u0441\u0438 \u0438 \u043f\u0440\u043e\u0444\u0435\u0441\u0438\u043e\u043d\u0430\u043b\u0435\u043d \u0440\u0430\u0437\u0432\u043e\u0458<\/p>\n<p>&nbsp;<\/p>\n<p><strong>\u0422\u0435\u043b\u0435\u0444\u043e\u043d:<\/strong><br \/>076\u00a0475\u00a0451<\/p>\n<p>075 242 953<\/p>\n<p>02\/3230-401<\/p>\n<blockquote>\n<p><strong>e-mail:<\/strong>\u00a0 <a href=\"\/sq\/licenciranjezsd@mtsp.gov.mk\/\">licenciranjezsd<span>@mtsp.gov.mk<\/span><\/a><\/p>\n<\/blockquote>\n<p>&nbsp;<\/p>\n<p>&nbsp;<\/p>\n<p>&nbsp;<\/p>\n<p>&nbsp;<\/p>\n<p>[\/et_pb_text][\/et_pb_column][\/et_pb_row][\/et_pb_section]<\/p>","protected":false},"excerpt":{"rendered":"<p>\u0418\u0437\u0434\u0430\u0432\u0430\u045a\u0435 \u043d\u0430 \u043f\u043e\u0441\u0435\u0431\u043d\u0430 \u043b\u0438\u0446\u0435\u043d\u0446\u0430 \u0437\u0430 \u0432\u043e\u0434\u0438\u0442\u0435\u043b \u043d\u0430 \u0441\u043b\u0443\u0447\u0430\u0458 &nbsp;\u041f\u043e\u0441\u0435\u0431\u043d\u0430 \u043b\u0438\u0446\u0435\u043d\u0446\u0430 \u0437\u0430 \u0432\u043e\u0434\u0438\u0442\u0435\u043b \u043d\u0430 \u0441\u043b\u0443\u0447\u0430\u0458 \u0441\u0435 \u0438\u0437\u0434\u0430\u0432\u0430 \u043d\u0430 \u0441\u0442\u0440\u0443\u0447\u043d\u0438 \u0440\u0430\u0431\u043e\u0442\u043d\u0438\u0446\u0438 \u0432\u0440\u0430\u0431\u043e\u0442\u0435\u043d\u0438 \u0432\u043e \u0446\u0435\u043d\u0442\u0430\u0440 \u0437\u0430 \u0441\u043e\u0446\u0438\u0458\u0430\u043b\u043d\u0430 \u0440\u0430\u0431\u043e\u0442\u0430. \u0417\u0430 \u043f\u043e\u0441\u0435\u0431\u043d\u0430 \u043b\u0438\u0446\u0435\u043d\u0446\u0430 \u0437\u0430 \u0432\u043e\u0434\u0438\u0442\u0435\u043b \u043d\u0430 \u0441\u043b\u0443\u0447\u0430\u0458 \u043c\u043e\u0436\u0435 \u0434\u0430 \u0430\u043f\u043b\u0438\u0446\u0438\u0440\u0430\u0430\u0442 \u0432\u0440\u0430\u0431\u043e\u0442\u0435\u043d\u0438\u0442\u0435 \u0432\u043e \u0446\u0435\u043d\u0442\u0430\u0440 \u0437\u0430 \u0441\u043e\u0446\u0438\u0458\u0430\u043b\u043d\u0430 \u0440\u0430\u0431\u043e\u0442\u0430 \u043a\u043e\u0438 \u0441\u0435 \u0440\u0430\u0441\u043f\u043e\u0440\u0435\u0434\u0435\u043d\u0438 \u043d\u0430 \u0440\u0430\u0431\u043e\u0442\u043d\u043e \u043c\u0435\u0441\u0442\u043e \u0432\u043e\u0434\u0438\u0442\u0435\u043b \u043d\u0430 \u0441\u043b\u0443\u0447\u0430\u0458. \u0410\u043f\u043b\u0438\u0446\u0438\u0440\u0430\u045a\u0435\u0442\u043e \u0437\u0430 \u0441\u0442\u0435\u043a\u043d\u0443\u0432\u0430\u045a\u0435 \u0441\u043e \u043f\u043e\u0441\u0435\u0431\u043d\u0430 [&hellip;]<\/p>","protected":false},"author":1,"featured_media":0,"parent":0,"menu_order":0,"comment_status":"closed","ping_status":"closed","template":"","meta":{"_et_pb_use_builder":"on","_et_pb_old_content":"","_et_gb_content_width":"","footnotes":""},"class_list":["post-243","page","type-page","status-publish","hentry"],"_links":{"self":[{"href":"https:\/\/zsd.gov.mk\/sq\/wp-json\/wp\/v2\/pages\/243","targetHints":{"allow":["GET"]}}],"collection":[{"href":"https:\/\/zsd.gov.mk\/sq\/wp-json\/wp\/v2\/pages"}],"about":[{"href":"https:\/\/zsd.gov.mk\/sq\/wp-json\/wp\/v2\/types\/page"}],"author":[{"embeddable":true,"href":"https:\/\/zsd.gov.mk\/sq\/wp-json\/wp\/v2\/users\/1"}],"replies":[{"embeddable":true,"href":"https:\/\/zsd.gov.mk\/sq\/wp-json\/wp\/v2\/comments?post=243"}],"version-history":[{"count":8,"href":"https:\/\/zsd.gov.mk\/sq\/wp-json\/wp\/v2\/pages\/243\/revisions"}],"predecessor-version":[{"id":498,"href":"https:\/\/zsd.gov.mk\/sq\/wp-json\/wp\/v2\/pages\/243\/revisions\/498"}],"wp:attachment":[{"href":"https:\/\/zsd.gov.mk\/sq\/wp-json\/wp\/v2\/media?parent=243"}],"curies":[{"name":"wp","href":"https:\/\/api.w.org\/{rel}","templated":true}]}}